{"id":1948,"date":"2025-02-18T15:51:35","date_gmt":"2025-02-18T14:51:35","guid":{"rendered":"https:\/\/sainttropez-maitriseoeuvre.fr\/property-management\/"},"modified":"2025-03-24T16:39:31","modified_gmt":"2025-03-24T15:39:31","slug":"property-management","status":"publish","type":"page","link":"https:\/\/sainttropez-maitriseoeuvre.fr\/en\/property-management\/","title":{"rendered":"Property Management"},"content":{"rendered":"\t\t<div data-elementor-type=\"wp-page\" data-elementor-id=\"1948\" class=\"elementor elementor-1948 elementor-62\" data-elementor-post-type=\"page\">\n\t\t\t\t<div class=\"elementor-element elementor-element-7a053f2 e-con-full e-flex e-con e-parent\" data-id=\"7a053f2\" data-element_type=\"container\" data-settings=\"{&quot;background_background&quot;:&quot;classic&quot;}\">\n\t\t<div class=\"elementor-element elementor-element-9a467d8 e-con-full e-flex e-con e-child\" data-id=\"9a467d8\" data-element_type=\"container\" data-settings=\"{&quot;background_background&quot;:&quot;classic&quot;}\">\n\t\t<div class=\"elementor-element elementor-element-30be180 e-con-full e-flex e-con e-child\" data-id=\"30be180\" data-element_type=\"container\">\n\t\t\t\t<div class=\"elementor-element elementor-element-af502cd elementor-invisible elementor-widget elementor-widget-heading\" data-id=\"af502cd\" data-element_type=\"widget\" data-settings=\"{&quot;_animation&quot;:&quot;fadeInUp&quot;}\" data-widget_type=\"heading.default\">\n\t\t\t\t<div class=\"elementor-widget-container\">\n\t\t\t\t\t<h1 class=\"elementor-heading-title elementor-size-default\">PROPERTY<br>MANAGEMENT<\/h1>\t\t\t\t<\/div>\n\t\t\t\t<\/div>\n\t\t\t\t<div class=\"elementor-element elementor-element-ecb89dd e-transform elementor-widget elementor-widget-image\" data-id=\"ecb89dd\" data-element_type=\"widget\" data-settings=\"{&quot;_transform_rotateZ_effect&quot;:{&quot;unit&quot;:&quot;px&quot;,&quot;size&quot;:90,&quot;sizes&quot;:[]},&quot;_transform_rotateZ_effect_tablet&quot;:{&quot;unit&quot;:&quot;deg&quot;,&quot;size&quot;:&quot;&quot;,&quot;sizes&quot;:[]},&quot;_transform_rotateZ_effect_mobile&quot;:{&quot;unit&quot;:&quot;deg&quot;,&quot;size&quot;:&quot;&quot;,&quot;sizes&quot;:[]}}\" data-widget_type=\"image.default\">\n\t\t\t\t<div class=\"elementor-widget-container\">\n\t\t\t\t\t\t\t\t\t\t\t\t\t\t\t<img decoding=\"async\" src=\"http:\/\/dev.sainttropez-maitriseoeuvre.fr\/wp-content\/uploads\/2025\/02\/fleche.png\" title=\"\" alt=\"\" loading=\"lazy\" \/>\t\t\t\t\t\t\t\t\t\t\t\t\t\t\t<\/div>\n\t\t\t\t<\/div>\n\t\t\t\t<div class=\"elementor-element elementor-element-a17aca4 elementor-invisible elementor-widget elementor-widget-text-editor\" data-id=\"a17aca4\" data-element_type=\"widget\" data-settings=\"{&quot;_animation&quot;:&quot;fadeInUp&quot;}\" data-widget_type=\"text-editor.default\">\n\t\t\t\t<div class=\"elementor-widget-container\">\n\t\t\t\t\t\t\t\t\t<p>Enjoy luxury home management services in Saint-Tropez, dedicated to the tailored management of your villa. Maintenance, coordination of service providers, and high-end services are handled with discretion and excellence.<\/p><p data-start=\"58\" data-end=\"464\">The <strong data-start=\"61\" data-end=\"91\">technical management <\/strong>of a villa offered by <strong data-start=\"105\" data-end=\"114\">PFMOE<\/strong> encompasses all the necessary actions to oversee and optimize the technical aspects of a villa, both during its construction and throughout its maintenance and daily operation. These services are essential to ensure the proper functioning of installations, provide optimal comfort, and extend the lifespan of equipment. <\/p><p data-start=\"466\" data-end=\"567\">The main services offered by <strong data-start=\"497\" data-end=\"506\">PFMOE<\/strong> in the field of villa technical management include:<\/p><p data-start=\"572\" data-end=\"896\"><strong data-start=\"572\" data-end=\"600\">Construction oversight<\/strong>: We oversee the work to ensure that all technical installations (plumbing, electricity, heating, air conditioning, security, etc.) comply with current standards and the owner\u2019s requirements, while ensuring they are perfectly aligned with the plans and deadlines.<br><br><\/p><p data-start=\"901\" data-end=\"1154\"><strong data-start=\"901\" data-end=\"932\">Equipment maintenance:<\/strong> After construction, <strong data-start=\"958\" data-end=\"967\">PFMOE<\/strong> takes care of the preventive and corrective maintenance of systems and equipment (heating, air conditioning, security, etc.) to ensure their proper functioning and prevent any breakdowns.<\/p><p data-start=\"1159\" data-end=\"1415\"><strong data-start=\"1159\" data-end=\"1204\">Monitoring of technical installations:<\/strong> We provide monitoring solutions to track the real-time performance of your villa&#8217;s technical systems, allowing us to quickly detect and resolve any anomalies efficiently.<\/p><p data-start=\"1420\" data-end=\"1680\"><strong data-start=\"1420\" data-end=\"1448\">Energy optimization:<\/strong> <strong data-start=\"1451\" data-end=\"1460\">PFMOE <\/strong>implements solutions to optimize your villa&#8217;s energy consumption by adjusting the settings of equipment (heating, ventilation, etc.) to reduce costs while maintaining maximum comfort.<\/p><p data-start=\"1685\" data-end=\"2018\"><strong data-start=\"1685\" data-end=\"1718\">Updating installations: <\/strong>To keep up with technological advancements, we offer regular updates to the villa&#8217;s systems, such as integrating new home automation technologies, improving security systems, or modernizing comfort equipment (heating, air conditioning, etc.).<\/p><p data-start=\"2023\" data-end=\"2332\"><strong data-start=\"2023\" data-end=\"2073\">Coordination with specialized contractors<\/strong>: <strong data-start=\"2076\" data-end=\"2085\">PFMOE<\/strong> coordinates interventions from professionals for the installation, maintenance, and repair of specific systems such as pools, gardens, or audiovisual systems, ensuring comprehensive management of your needs.<\/p>\t\t\t\t\t\t\t\t<\/div>\n\t\t\t\t<\/div>\n\t\t\t\t<div class=\"elementor-element elementor-element-f81907a animated-slow elementor-invisible elementor-widget elementor-widget-text-editor\" data-id=\"f81907a\" data-element_type=\"widget\" data-settings=\"{&quot;_animation&quot;:&quot;fadeInUp&quot;}\" data-widget_type=\"text-editor.default\">\n\t\t\t\t<div class=\"elementor-widget-container\">\n\t\t\t\t\t\t\t\t\t<p><strong style=\"color: #9e7854;\">OUR SERVICES INCLUDE:<\/strong><\/p><p>PROPERTY AUDIT<br>BUDGET MANAGEMENT<br>ESTABLISHMENT OF BANK ACCOUNT WITH POWER OF ATTORNEY<br>BUDGET CONTRACT WITH OBJECTIVES<br>PROPOSALS<br>CONSULTATION<br>MAINTENANCE CONTRACTS WITH SERVICE PROVIDERS<br>MAINTENANCE MANAGEMENT<br>PLANNING<br>MAINTENANCE MONITORING<br>ISSUE MANAGEMENT<br>REPORTING<br>MAINTENANCE VERIFICATION<br>PAYMENT VALIDATION<\/p>\t\t\t\t\t\t\t\t<\/div>\n\t\t\t\t<\/div>\n\t\t\t\t<div class=\"elementor-element elementor-element-e9f0bf2 elementor-invisible elementor-widget elementor-widget-text-editor\" data-id=\"e9f0bf2\" data-element_type=\"widget\" data-settings=\"{&quot;_animation&quot;:&quot;fadeInUp&quot;}\" data-widget_type=\"text-editor.default\">\n\t\t\t\t<div class=\"elementor-widget-container\">\n\t\t\t\t\t\t\t\t\t<p>With <strong data-start=\"2357\" data-end=\"2366\">PFMOE\u2019<\/strong>s expertise, the technical management of your villa is in good hands, providing you with peace of mind, cost optimization, and long-lasting installations.<\/p>\t\t\t\t\t\t\t\t<\/div>\n\t\t\t\t<\/div>\n\t\t\t\t<\/div>\n\t\t\t\t<\/div>\n\t\t<div class=\"elementor-element elementor-element-7d5d2d9 e-con-full e-flex elementor-invisible e-con e-child\" data-id=\"7d5d2d9\" data-element_type=\"container\" data-settings=\"{&quot;background_background&quot;:&quot;classic&quot;,&quot;animation&quot;:&quot;fadeInUp&quot;}\">\n\t\t\t\t<div class=\"elementor-element elementor-element-6670430 elementor-widget elementor-widget-heading\" data-id=\"6670430\" data-element_type=\"widget\" data-widget_type=\"heading.default\">\n\t\t\t\t<div class=\"elementor-widget-container\">\n\t\t\t\t\t<h3 class=\"elementor-heading-title elementor-size-default\">DO YOU NEED TECHNICAL MONITORING FOR YOUR VILLA?<\/h3>\t\t\t\t<\/div>\n\t\t\t\t<\/div>\n\t\t\t\t<div class=\"elementor-element elementor-element-36bc6c5 elementor-widget elementor-widget-heading\" data-id=\"36bc6c5\" data-element_type=\"widget\" data-widget_type=\"heading.default\">\n\t\t\t\t<div class=\"elementor-widget-container\">\n\t\t\t\t\t<h3 class=\"elementor-heading-title elementor-size-default\">CONTACT US\n<\/h3>\t\t\t\t<\/div>\n\t\t\t\t<\/div>\n\t\t<div class=\"elementor-element elementor-element-f500b14 e-con-full e-flex e-con e-child\" data-id=\"f500b14\" data-element_type=\"container\">\n\t\t\t\t<div class=\"elementor-element elementor-element-45b2af0 elementor-button-align-end elementor-widget elementor-widget-form\" data-id=\"45b2af0\" data-element_type=\"widget\" data-settings=\"{&quot;button_width&quot;:&quot;50&quot;,&quot;step_next_label&quot;:&quot;Next&quot;,&quot;step_previous_label&quot;:&quot;Previous&quot;,&quot;step_type&quot;:&quot;number_text&quot;,&quot;step_icon_shape&quot;:&quot;circle&quot;}\" data-widget_type=\"form.default\">\n\t\t\t\t<div class=\"elementor-widget-container\">\n\t\t\t\t\t\t\t<form class=\"elementor-form\" method=\"post\" id=\"formulaire_de_contact\" name=\"Contact Form\" aria-label=\"Contact Form\">\n\t\t\t<input type=\"hidden\" name=\"post_id\" value=\"1948\"\/>\n\t\t\t<input type=\"hidden\" name=\"form_id\" value=\"45b2af0\"\/>\n\t\t\t<input type=\"hidden\" name=\"referer_title\" value=\"Property Management in Saint-Tropez, Ramatuelle and Gassin\" \/>\n\n\t\t\t\t\t\t\t<input type=\"hidden\" name=\"queried_id\" value=\"1948\"\/>\n\t\t\t\n\t\t\t<div class=\"elementor-form-fields-wrapper elementor-labels-\">\n\t\t\t\t\t\t\t\t<div class=\"elementor-field-type-text elementor-field-group elementor-column elementor-field-group-fullname elementor-col-50 elementor-field-required\">\n\t\t\t\t\t\t\t\t\t\t\t\t<label for=\"form-field-fullname\" class=\"elementor-field-label elementor-screen-only\">\n\t\t\t\t\t\t\t\tFirst Name and Last Name\t\t\t\t\t\t\t<\/label>\n\t\t\t\t\t\t\t\t\t\t\t\t\t\t<input size=\"1\" type=\"text\" name=\"form_fields[fullname]\" id=\"form-field-fullname\" class=\"elementor-field elementor-size-sm  elementor-field-textual\" placeholder=\"First Name &amp; Last Name*\" required=\"required\">\n\t\t\t\t\t\t\t\t\t\t\t<\/div>\n\t\t\t\t\t\t\t\t<div class=\"elementor-field-type-text elementor-field-group elementor-column elementor-field-group-object elementor-col-50 elementor-field-required\">\n\t\t\t\t\t\t\t\t\t\t\t\t<label for=\"form-field-object\" class=\"elementor-field-label elementor-screen-only\">\n\t\t\t\t\t\t\t\tSubject\t\t\t\t\t\t\t<\/label>\n\t\t\t\t\t\t\t\t\t\t\t\t\t\t<input size=\"1\" type=\"text\" name=\"form_fields[object]\" id=\"form-field-object\" class=\"elementor-field elementor-size-sm  elementor-field-textual\" placeholder=\"Subject*\" required=\"required\">\n\t\t\t\t\t\t\t\t\t\t\t<\/div>\n\t\t\t\t\t\t\t\t<div class=\"elementor-field-type-email elementor-field-group elementor-column elementor-field-group-email elementor-col-50 elementor-field-required\">\n\t\t\t\t\t\t\t\t\t\t\t\t<label for=\"form-field-email\" class=\"elementor-field-label elementor-screen-only\">\n\t\t\t\t\t\t\t\tEmail adress\t\t\t\t\t\t\t<\/label>\n\t\t\t\t\t\t\t\t\t\t\t\t\t\t<input size=\"1\" type=\"email\" name=\"form_fields[email]\" id=\"form-field-email\" class=\"elementor-field elementor-size-sm  elementor-field-textual\" placeholder=\"Email address*\" required=\"required\">\n\t\t\t\t\t\t\t\t\t\t\t<\/div>\n\t\t\t\t\t\t\t\t<div class=\"elementor-field-type-textarea elementor-field-group elementor-column elementor-field-group-message elementor-col-50 elementor-field-required\">\n\t\t\t\t\t\t\t\t\t\t\t\t<label for=\"form-field-message\" class=\"elementor-field-label elementor-screen-only\">\n\t\t\t\t\t\t\t\tMessage\t\t\t\t\t\t\t<\/label>\n\t\t\t\t\t\t<textarea class=\"elementor-field-textual elementor-field  elementor-size-sm\" name=\"form_fields[message]\" id=\"form-field-message\" rows=\"1\" placeholder=\"Message*\" required=\"required\"><\/textarea>\t\t\t\t<\/div>\n\t\t\t\t\t\t\t\t<div class=\"elementor-field-type-text elementor-field-group elementor-column elementor-field-group-contact elementor-col-50\">\n\t\t\t\t\t\t\t\t\t\t\t\t<label for=\"form-field-contact\" class=\"elementor-field-label elementor-screen-only\">\n\t\t\t\t\t\t\t\tPhone\t\t\t\t\t\t\t<\/label>\n\t\t\t\t\t\t\t\t\t\t\t\t\t\t<input size=\"1\" type=\"text\" name=\"form_fields[contact]\" id=\"form-field-contact\" class=\"elementor-field elementor-size-sm  elementor-field-textual\" placeholder=\"Phone\">\n\t\t\t\t\t\t\t\t\t\t\t<\/div>\n\t\t\t\t\t\t\t\t<div class=\"elementor-field-group elementor-column elementor-field-type-submit elementor-col-50 e-form__buttons\">\n\t\t\t\t\t<button class=\"elementor-button elementor-size-md elementor-animation-grow\" type=\"submit\" id=\"contact_btn\">\n\t\t\t\t\t\t<span class=\"elementor-button-content-wrapper\">\n\t\t\t\t\t\t\t\t\t\t\t\t\t\t\t<span class=\"elementor-button-icon\">\n\t\t\t\t\t\t\t\t\t<svg xmlns=\"http:\/\/www.w3.org\/2000\/svg\" viewBox=\"0 0 86.2 28\"><defs><style>      .cls-1 {        fill: none;        stroke: #a88565;        stroke-miterlimit: 10;      }    <\/style><\/defs><g><g id=\"Calque_1\"><g><line class=\"cls-1\" y1=\"14\" x2=\"80.8\" y2=\"14\"><\/line><path class=\"cls-1\" d=\"M67.6,27.8s6-13.8,18.1-13.8h0c-12.1,0-18.1-13.8-18.1-13.8\"><\/path><\/g><\/g><\/g><\/svg>\t\t\t\t\t\t\t\t\t\t\t\t\t\t\t\t\t<\/span>\n\t\t\t\t\t\t\t\t\t\t\t\t\t\t\t\t\t\t\t\t\t\t<span class=\"elementor-button-text\">SEND<\/span>\n\t\t\t\t\t\t\t\t\t\t\t\t\t<\/span>\n\t\t\t\t\t<\/button>\n\t\t\t\t<\/div>\n\t\t\t<\/div>\n\t\t<\/form>\n\t\t\t\t\t\t<\/div>\n\t\t\t\t<\/div>\n\t\t\t\t<\/div>\n\t\t\t\t<\/div>\n\t\t\t\t<\/div>\n\t\t\t\t<\/div>\n\t\t","protected":false},"excerpt":{"rendered":"<p>PROPERTYMANAGEMENT Enjoy luxury home management services in Saint-Tropez, dedicated to the tailored management of your villa. Maintenance, coordination of service providers, and high-end services are handled with discretion and excellence. The technical management of a villa offered by PFMOE encompasses all the necessary actions to oversee and optimize the technical aspects of a villa, both [&hellip;]<\/p>\n","protected":false},"author":1,"featured_media":0,"parent":0,"menu_order":0,"comment_status":"closed","ping_status":"closed","template":"","meta":{"footnotes":""},"class_list":["post-1948","page","type-page","status-publish","hentry"],"yoast_head":"<!-- This site is optimized with the Yoast SEO plugin v25.7 - https:\/\/yoast.com\/wordpress\/plugins\/seo\/ -->\n<title>Property Management in Saint-Tropez, Ramatuelle and Gassin<\/title>\n<meta name=\"description\" content=\"Optimize the technical management of your property with our property management services in Saint-Tropez, Gassin, Ramatuelle, and the PACA region.\" \/>\n<meta name=\"robots\" content=\"index, follow, max-snippet:-1, max-image-preview:large, max-video-preview:-1\" \/>\n<link rel=\"canonical\" href=\"https:\/\/sainttropez-maitriseoeuvre.fr\/en\/property-management\/\" \/>\n<meta property=\"og:locale\" content=\"en_US\" \/>\n<meta property=\"og:type\" content=\"article\" \/>\n<meta property=\"og:title\" content=\"Property Management in Saint-Tropez, Ramatuelle and Gassin\" \/>\n<meta property=\"og:description\" content=\"Optimize the technical management of your property with our property management services in Saint-Tropez, Gassin, Ramatuelle, and the PACA region.\" \/>\n<meta property=\"og:url\" content=\"https:\/\/sainttropez-maitriseoeuvre.fr\/en\/property-management\/\" \/>\n<meta property=\"og:site_name\" content=\"PF MA\u00ceTRISE D&#039;\u0152UVRE\" \/>\n<meta property=\"article:modified_time\" content=\"2025-03-24T15:39:31+00:00\" \/>\n<meta property=\"og:image\" content=\"http:\/\/dev.sainttropez-maitriseoeuvre.fr\/wp-content\/uploads\/2025\/02\/fleche.png\" \/>\n<meta name=\"twitter:card\" content=\"summary_large_image\" \/>\n<meta name=\"twitter:label1\" content=\"Est. reading time\" \/>\n\t<meta name=\"twitter:data1\" content=\"2 minutes\" \/>\n<script type=\"application\/ld+json\" class=\"yoast-schema-graph\">{\"@context\":\"https:\/\/schema.org\",\"@graph\":[{\"@type\":\"WebPage\",\"@id\":\"https:\/\/sainttropez-maitriseoeuvre.fr\/en\/property-management\/\",\"url\":\"https:\/\/sainttropez-maitriseoeuvre.fr\/en\/property-management\/\",\"name\":\"Property Management in Saint-Tropez, Ramatuelle and Gassin\",\"isPartOf\":{\"@id\":\"https:\/\/sainttropez-maitriseoeuvre.fr\/en\/#website\"},\"primaryImageOfPage\":{\"@id\":\"https:\/\/sainttropez-maitriseoeuvre.fr\/en\/property-management\/#primaryimage\"},\"image\":{\"@id\":\"https:\/\/sainttropez-maitriseoeuvre.fr\/en\/property-management\/#primaryimage\"},\"thumbnailUrl\":\"http:\/\/dev.sainttropez-maitriseoeuvre.fr\/wp-content\/uploads\/2025\/02\/fleche.png\",\"datePublished\":\"2025-02-18T14:51:35+00:00\",\"dateModified\":\"2025-03-24T15:39:31+00:00\",\"description\":\"Optimize the technical management of your property with our property management services in Saint-Tropez, Gassin, Ramatuelle, and the PACA region.\",\"breadcrumb\":{\"@id\":\"https:\/\/sainttropez-maitriseoeuvre.fr\/en\/property-management\/#breadcrumb\"},\"inLanguage\":\"en-US\",\"potentialAction\":[{\"@type\":\"ReadAction\",\"target\":[\"https:\/\/sainttropez-maitriseoeuvre.fr\/en\/property-management\/\"]}]},{\"@type\":\"ImageObject\",\"inLanguage\":\"en-US\",\"@id\":\"https:\/\/sainttropez-maitriseoeuvre.fr\/en\/property-management\/#primaryimage\",\"url\":\"http:\/\/dev.sainttropez-maitriseoeuvre.fr\/wp-content\/uploads\/2025\/02\/fleche.png\",\"contentUrl\":\"http:\/\/dev.sainttropez-maitriseoeuvre.fr\/wp-content\/uploads\/2025\/02\/fleche.png\"},{\"@type\":\"BreadcrumbList\",\"@id\":\"https:\/\/sainttropez-maitriseoeuvre.fr\/en\/property-management\/#breadcrumb\",\"itemListElement\":[{\"@type\":\"ListItem\",\"position\":1,\"name\":\"Accueil\",\"item\":\"https:\/\/sainttropez-maitriseoeuvre.fr\/en\/\"},{\"@type\":\"ListItem\",\"position\":2,\"name\":\"Property Management\"}]},{\"@type\":\"WebSite\",\"@id\":\"https:\/\/sainttropez-maitriseoeuvre.fr\/en\/#website\",\"url\":\"https:\/\/sainttropez-maitriseoeuvre.fr\/en\/\",\"name\":\"PF MA\u00ceTRISE D'\u0152UVRE\",\"description\":\"Votre expert en maitrise d&#039;\u0153uvre dans le golfe de Saint-Tropez\",\"publisher\":{\"@id\":\"https:\/\/sainttropez-maitriseoeuvre.fr\/en\/#organization\"},\"potentialAction\":[{\"@type\":\"SearchAction\",\"target\":{\"@type\":\"EntryPoint\",\"urlTemplate\":\"https:\/\/sainttropez-maitriseoeuvre.fr\/en\/?s={search_term_string}\"},\"query-input\":{\"@type\":\"PropertyValueSpecification\",\"valueRequired\":true,\"valueName\":\"search_term_string\"}}],\"inLanguage\":\"en-US\"},{\"@type\":\"Organization\",\"@id\":\"https:\/\/sainttropez-maitriseoeuvre.fr\/en\/#organization\",\"name\":\"PF MA\u00ceTRISE D'\u0152UVRE\",\"url\":\"https:\/\/sainttropez-maitriseoeuvre.fr\/en\/\",\"logo\":{\"@type\":\"ImageObject\",\"inLanguage\":\"en-US\",\"@id\":\"https:\/\/sainttropez-maitriseoeuvre.fr\/en\/#\/schema\/logo\/image\/\",\"url\":\"https:\/\/sainttropez-maitriseoeuvre.fr\/wp-content\/uploads\/2025\/03\/cropped-logo_PFMO_1.png\",\"contentUrl\":\"https:\/\/sainttropez-maitriseoeuvre.fr\/wp-content\/uploads\/2025\/03\/cropped-logo_PFMO_1.png\",\"width\":1298,\"height\":525,\"caption\":\"PF MA\u00ceTRISE D'\u0152UVRE\"},\"image\":{\"@id\":\"https:\/\/sainttropez-maitriseoeuvre.fr\/en\/#\/schema\/logo\/image\/\"}}]}<\/script>\n<!-- \/ Yoast SEO plugin. -->","yoast_head_json":{"title":"Property Management in Saint-Tropez, Ramatuelle and Gassin","description":"Optimize the technical management of your property with our property management services in Saint-Tropez, Gassin, Ramatuelle, and the PACA region.","robots":{"index":"index","follow":"follow","max-snippet":"max-snippet:-1","max-image-preview":"max-image-preview:large","max-video-preview":"max-video-preview:-1"},"canonical":"https:\/\/sainttropez-maitriseoeuvre.fr\/en\/property-management\/","og_locale":"en_US","og_type":"article","og_title":"Property Management in Saint-Tropez, Ramatuelle and Gassin","og_description":"Optimize the technical management of your property with our property management services in Saint-Tropez, Gassin, Ramatuelle, and the PACA region.","og_url":"https:\/\/sainttropez-maitriseoeuvre.fr\/en\/property-management\/","og_site_name":"PF MA\u00ceTRISE D&#039;\u0152UVRE","article_modified_time":"2025-03-24T15:39:31+00:00","og_image":[{"url":"http:\/\/dev.sainttropez-maitriseoeuvre.fr\/wp-content\/uploads\/2025\/02\/fleche.png","type":"","width":"","height":""}],"twitter_card":"summary_large_image","twitter_misc":{"Est. reading time":"2 minutes"},"schema":{"@context":"https:\/\/schema.org","@graph":[{"@type":"WebPage","@id":"https:\/\/sainttropez-maitriseoeuvre.fr\/en\/property-management\/","url":"https:\/\/sainttropez-maitriseoeuvre.fr\/en\/property-management\/","name":"Property Management in Saint-Tropez, Ramatuelle and Gassin","isPartOf":{"@id":"https:\/\/sainttropez-maitriseoeuvre.fr\/en\/#website"},"primaryImageOfPage":{"@id":"https:\/\/sainttropez-maitriseoeuvre.fr\/en\/property-management\/#primaryimage"},"image":{"@id":"https:\/\/sainttropez-maitriseoeuvre.fr\/en\/property-management\/#primaryimage"},"thumbnailUrl":"http:\/\/dev.sainttropez-maitriseoeuvre.fr\/wp-content\/uploads\/2025\/02\/fleche.png","datePublished":"2025-02-18T14:51:35+00:00","dateModified":"2025-03-24T15:39:31+00:00","description":"Optimize the technical management of your property with our property management services in Saint-Tropez, Gassin, Ramatuelle, and the PACA region.","breadcrumb":{"@id":"https:\/\/sainttropez-maitriseoeuvre.fr\/en\/property-management\/#breadcrumb"},"inLanguage":"en-US","potentialAction":[{"@type":"ReadAction","target":["https:\/\/sainttropez-maitriseoeuvre.fr\/en\/property-management\/"]}]},{"@type":"ImageObject","inLanguage":"en-US","@id":"https:\/\/sainttropez-maitriseoeuvre.fr\/en\/property-management\/#primaryimage","url":"http:\/\/dev.sainttropez-maitriseoeuvre.fr\/wp-content\/uploads\/2025\/02\/fleche.png","contentUrl":"http:\/\/dev.sainttropez-maitriseoeuvre.fr\/wp-content\/uploads\/2025\/02\/fleche.png"},{"@type":"BreadcrumbList","@id":"https:\/\/sainttropez-maitriseoeuvre.fr\/en\/property-management\/#breadcrumb","itemListElement":[{"@type":"ListItem","position":1,"name":"Accueil","item":"https:\/\/sainttropez-maitriseoeuvre.fr\/en\/"},{"@type":"ListItem","position":2,"name":"Property Management"}]},{"@type":"WebSite","@id":"https:\/\/sainttropez-maitriseoeuvre.fr\/en\/#website","url":"https:\/\/sainttropez-maitriseoeuvre.fr\/en\/","name":"PF MA\u00ceTRISE D'\u0152UVRE","description":"Votre expert en maitrise d&#039;\u0153uvre dans le golfe de Saint-Tropez","publisher":{"@id":"https:\/\/sainttropez-maitriseoeuvre.fr\/en\/#organization"},"potentialAction":[{"@type":"SearchAction","target":{"@type":"EntryPoint","urlTemplate":"https:\/\/sainttropez-maitriseoeuvre.fr\/en\/?s={search_term_string}"},"query-input":{"@type":"PropertyValueSpecification","valueRequired":true,"valueName":"search_term_string"}}],"inLanguage":"en-US"},{"@type":"Organization","@id":"https:\/\/sainttropez-maitriseoeuvre.fr\/en\/#organization","name":"PF MA\u00ceTRISE D'\u0152UVRE","url":"https:\/\/sainttropez-maitriseoeuvre.fr\/en\/","logo":{"@type":"ImageObject","inLanguage":"en-US","@id":"https:\/\/sainttropez-maitriseoeuvre.fr\/en\/#\/schema\/logo\/image\/","url":"https:\/\/sainttropez-maitriseoeuvre.fr\/wp-content\/uploads\/2025\/03\/cropped-logo_PFMO_1.png","contentUrl":"https:\/\/sainttropez-maitriseoeuvre.fr\/wp-content\/uploads\/2025\/03\/cropped-logo_PFMO_1.png","width":1298,"height":525,"caption":"PF MA\u00ceTRISE D'\u0152UVRE"},"image":{"@id":"https:\/\/sainttropez-maitriseoeuvre.fr\/en\/#\/schema\/logo\/image\/"}}]}},"_links":{"self":[{"href":"https:\/\/sainttropez-maitriseoeuvre.fr\/en\/wp-json\/wp\/v2\/pages\/1948","targetHints":{"allow":["GET"]}}],"collection":[{"href":"https:\/\/sainttropez-maitriseoeuvre.fr\/en\/wp-json\/wp\/v2\/pages"}],"about":[{"href":"https:\/\/sainttropez-maitriseoeuvre.fr\/en\/wp-json\/wp\/v2\/types\/page"}],"author":[{"embeddable":true,"href":"https:\/\/sainttropez-maitriseoeuvre.fr\/en\/wp-json\/wp\/v2\/users\/1"}],"replies":[{"embeddable":true,"href":"https:\/\/sainttropez-maitriseoeuvre.fr\/en\/wp-json\/wp\/v2\/comments?post=1948"}],"version-history":[{"count":4,"href":"https:\/\/sainttropez-maitriseoeuvre.fr\/en\/wp-json\/wp\/v2\/pages\/1948\/revisions"}],"predecessor-version":[{"id":2681,"href":"https:\/\/sainttropez-maitriseoeuvre.fr\/en\/wp-json\/wp\/v2\/pages\/1948\/revisions\/2681"}],"wp:attachment":[{"href":"https:\/\/sainttropez-maitriseoeuvre.fr\/en\/wp-json\/wp\/v2\/media?parent=1948"}],"curies":[{"name":"wp","href":"https:\/\/api.w.org\/{rel}","templated":true}]}}