{"id":2167,"date":"2025-02-19T18:35:05","date_gmt":"2025-02-19T17:35:05","guid":{"rendered":"https:\/\/sainttropez-maitriseoeuvre.fr\/studie-konzeption\/"},"modified":"2025-04-09T16:58:14","modified_gmt":"2025-04-09T14:58:14","slug":"studie-konzeption","status":"publish","type":"page","link":"https:\/\/sainttropez-maitriseoeuvre.fr\/de\/studie-konzeption\/","title":{"rendered":"Studie &amp; Konzeption"},"content":{"rendered":"\t\t<div data-elementor-type=\"wp-page\" data-elementor-id=\"2167\" class=\"elementor elementor-2167 elementor-286\" data-elementor-post-type=\"page\">\n\t\t\t\t<div class=\"elementor-element elementor-element-e2f8ed8 e-con-full e-flex e-con e-parent\" data-id=\"e2f8ed8\" data-element_type=\"container\" data-settings=\"{&quot;background_background&quot;:&quot;classic&quot;}\">\n\t\t<div class=\"elementor-element elementor-element-f4f80bf e-con-full e-flex e-con e-child\" data-id=\"f4f80bf\" data-element_type=\"container\" data-settings=\"{&quot;background_background&quot;:&quot;classic&quot;}\">\n\t\t<div class=\"elementor-element elementor-element-ada55d7 e-con-full e-flex e-con e-child\" data-id=\"ada55d7\" data-element_type=\"container\">\n\t\t\t\t<div class=\"elementor-element elementor-element-089e48a elementor-invisible elementor-widget elementor-widget-heading\" data-id=\"089e48a\" data-element_type=\"widget\" data-settings=\"{&quot;_animation&quot;:&quot;fadeInUp&quot;}\" data-widget_type=\"heading.default\">\n\t\t\t\t<div class=\"elementor-widget-container\">\n\t\t\t\t\t<h1 class=\"elementor-heading-title elementor-size-default\">STUDIE &amp; KONZEPTION<\/h1>\t\t\t\t<\/div>\n\t\t\t\t<\/div>\n\t\t\t\t<div class=\"elementor-element elementor-element-aec85e1 e-transform elementor-widget elementor-widget-image\" data-id=\"aec85e1\" data-element_type=\"widget\" data-settings=\"{&quot;_transform_rotateZ_effect&quot;:{&quot;unit&quot;:&quot;px&quot;,&quot;size&quot;:90,&quot;sizes&quot;:[]},&quot;_transform_rotateZ_effect_tablet&quot;:{&quot;unit&quot;:&quot;deg&quot;,&quot;size&quot;:&quot;&quot;,&quot;sizes&quot;:[]},&quot;_transform_rotateZ_effect_mobile&quot;:{&quot;unit&quot;:&quot;deg&quot;,&quot;size&quot;:&quot;&quot;,&quot;sizes&quot;:[]}}\" data-widget_type=\"image.default\">\n\t\t\t\t<div class=\"elementor-widget-container\">\n\t\t\t\t\t\t\t\t\t\t\t\t\t\t\t<img decoding=\"async\" src=\"http:\/\/dev.sainttropez-maitriseoeuvre.fr\/wp-content\/uploads\/2025\/02\/fleche.png\" title=\"\" alt=\"\" loading=\"lazy\" \/>\t\t\t\t\t\t\t\t\t\t\t\t\t\t\t<\/div>\n\t\t\t\t<\/div>\n\t\t\t\t<div class=\"elementor-element elementor-element-fa3388b animated-slow elementor-invisible elementor-widget elementor-widget-text-editor\" data-id=\"fa3388b\" data-element_type=\"widget\" data-settings=\"{&quot;_animation&quot;:&quot;fadeInUp&quot;}\" data-widget_type=\"text-editor.default\">\n\t\t\t\t<div class=\"elementor-widget-container\">\n\t\t\t\t\t\t\t\t\t<p style=\"text-align: center;\" data-start=\"85\" data-end=\"470\">Bei PFMOE verstehen wir, dass eine <strong data-start=\"120\" data-end=\"144\">solide Planung <\/strong>entscheidend f\u00fcr den<strong data-start=\"178\" data-end=\"201\"> langfristigen Erfolg<\/strong> Ihres Projekts ist, sei es ein <strong data-start=\"240\" data-end=\"262\">Neubau<\/strong>, eine <strong data-start=\"270\" data-end=\"284\">Renovierung<\/strong> oder eine <strong data-start=\"294\" data-end=\"307\">Erweiterung<\/strong>. Deshalb legen wir besonderen Wert auf die <strong data-start=\"370\" data-end=\"381\">Analyse<\/strong> Ihrer Bed\u00fcrfnisse und die Entwicklung <strong data-start=\"422\" data-end=\"444\">geeigneter L\u00f6sungen<\/strong> von Anfang an. <\/p><p style=\"text-align: center;\" data-start=\"472\" data-end=\"1195\">Unser Ansatz beginnt mit einer <strong data-start=\"504\" data-end=\"525\">detaillierten Analyse<\/strong> Ihrer Erwartungen, Ziele und Anforderungen, sei es <strong data-start=\"599\" data-end=\"613\">technischer<\/strong>, <strong data-start=\"615\" data-end=\"630\">wirtschaftlicher<\/strong> oder <strong data-start=\"634\" data-end=\"655\">\u00f6kologischer Natur<\/strong>. Wir f\u00fchren <strong data-start=\"676\" data-end=\"697\">technische Studien<\/strong> durch, um die <strong data-start=\"714\" data-end=\"729\">Machbarkeit<\/strong> Ihres Projekts zu bewerten, wobei wir die Besonderheiten des Grundst\u00fccks, die <strong data-start=\"801\" data-end=\"828\">lokalen Vorschriften<\/strong> und m\u00f6gliche <strong data-start=\"870\" data-end=\"887\">umweltbedingte<\/strong> Einschr\u00e4nkungen ber\u00fccksichtigen. Unsere <strong data-start=\"893\" data-end=\"915\">wirtschaftlichen Studien<\/strong> erm\u00f6glichen es uns, die <strong data-start=\"947\" data-end=\"962\">Gesamtkosten<\/strong> Ihres Projekts zu optimieren und gleichzeitig Ihr <strong data-start=\"1005\" data-end=\"1015\">Budget<\/strong> einzuhalten. Dar\u00fcber hinaus integrieren wir <strong data-start=\"1057\" data-end=\"1082\">Nachhaltigkeitskriterien<\/strong>, indem wir <strong data-start=\"1130\" data-end=\"1147\">umweltfreundliche<\/strong> Materialien bevorzugen und <strong data-start=\"1165\" data-end=\"1194\">leistungsf\u00e4hige Energiel\u00f6sungen<\/strong> anbieten.   <\/p><p style=\"text-align: center;\" data-start=\"1197\" data-end=\"1682\">Die ersten Phasen der Planung umfassen die <strong data-start=\"1258\" data-end=\"1289\">Vorentwurfsphase<\/strong> (APS), in der wir <strong data-start=\"1331\" data-end=\"1354\">allgemeine Skizzen<\/strong> und <strong data-start=\"1362\" data-end=\"1389\">Entwurfsl\u00f6sungen entwickeln<\/strong>. Diese Phase dient dazu, die Hauptlinien Ihres Projekts zu definieren, <strong data-start=\"1479\" data-end=\"1497\">architektonische<\/strong> Entscheidungen zu konkretisieren und eine <strong data-start=\"1515\" data-end=\"1533\">Gesamtvision<\/strong> f\u00fcr die <strong data-start=\"1539\" data-end=\"1554\">Gestaltung<\/strong> zu entwickeln. Am Ende der APS-Phase k\u00f6nnen wir Ihnen einen ersten \u00dcberblick \u00fcber das Projekt, sowohl <strong data-start=\"1648\" data-end=\"1663\">funktional<\/strong> als auch <strong data-start=\"1667\" data-end=\"1681\">\u00e4sthetisch<\/strong>, pr\u00e4sentieren.  <\/p><p style=\"text-align: center;\" data-start=\"1684\" data-end=\"2189\">Es folgt die <strong data-start=\"1709\" data-end=\"1740\">detaillierte Vorentwurfsphase<\/strong> (APD), in der wir die w\u00e4hrend der APS-Phase getroffenen Entscheidungen verfeinern und weiter ausarbeiten. Diese Phase umfasst die Erstellung <strong data-start=\"1847\" data-end=\"1866\">detaillierter Pl\u00e4ne<\/strong>, eine genauere <strong data-start=\"1898\" data-end=\"1907\">Kostensch\u00e4tzung<\/strong> und die <strong data-start=\"1930\" data-end=\"1954\">Festlegung der technischen L\u00f6sungen,<\/strong> die umgesetzt werden sollen. Hier definieren wir klar die zu verwendenden <strong data-start=\"2028\" data-end=\"2041\">Materialien<\/strong>, <strong data-start=\"2047\" data-end=\"2062\">Ausstattungen <\/strong>und <strong data-start=\"2070\" data-end=\"2086\">Technologien<\/strong>, wobei wir sicherstellen, dass die architektonischen Entscheidungen mit den technischen Anforderungen im Einklang stehen.  <\/p><p style=\"text-align: center;\" data-start=\"2191\" data-end=\"2650\">Nach Abschluss dieser Studien arbeiten wir eng mit <strong data-start=\"2273\" data-end=\"2288\">Architekten<\/strong>, <strong data-start=\"2294\" data-end=\"2308\">Ingenieuren<\/strong> und anderen <strong data-start=\"2321\" data-end=\"2337\">Spezialisten<\/strong> zusammen, um <strong data-start=\"2365\" data-end=\"2381\">funktionale<\/strong>, <strong data-start=\"2383\" data-end=\"2398\">\u00e4sthetische<\/strong> und perfekt auf Ihre Bed\u00fcrfnisse abgestimmte R\u00e4ume zu gestalten. Ob es sich um eine <strong data-start=\"2459\" data-end=\"2473\">Renovierung<\/strong>, eine <strong data-start=\"2479\" data-end=\"2492\">Erweiterung<\/strong> oder einen <strong data-start=\"2500\" data-end=\"2522\">Neubau<\/strong> handelt, wir stellen sicher, dass jeder Aspekt Ihres Projekts optimiert wird, um<strong data-start=\"2603\" data-end=\"2614\"> Komfort,<\/strong> <strong data-start=\"2616\" data-end=\"2630\">\u00c4sthetik<\/strong> und <strong data-start=\"2634\" data-end=\"2649\">Leistung <\/strong>zu vereinen. <\/p><p style=\"text-align: center;\" data-start=\"2652\" data-end=\"3151\">Die <strong data-start=\"2654\" data-end=\"2679\">Budgetsch\u00e4tzung <\/strong>geh\u00f6rt ebenfalls zu unserer Aufgabe, und wir achten darauf, dass jede vorgeschlagene L\u00f6sung Ihr <strong data-start=\"2786\" data-end=\"2796\">Budget <\/strong>einh\u00e4lt und gleichzeitig ein hohes <strong data-start=\"2831\" data-end=\"2842\">Qualit\u00e4tsniveau<\/strong> bietet. Wir begleiten Sie w\u00e4hrend des gesamten Planungsprozesses, um Ihnen eine klare und koh\u00e4rente Vision des endg\u00fcltigen Projekts zu gew\u00e4hrleisten. Bei PFMOE setzen wir unsere <strong data-start=\"2995\" data-end=\"3008\">Expertise<\/strong> und unser <strong data-start=\"3018\" data-end=\"3034\">Know-how<\/strong> f\u00fcr Ihr Projekt ein, um <strong data-start=\"3085\" data-end=\"3096\">einzigartige<\/strong> R\u00e4ume zu schaffen, die Ihren Bed\u00fcrfnissen entsprechen und Ihre Erwartungen \u00fcbertreffen.  <\/p>\t\t\t\t\t\t\t\t<\/div>\n\t\t\t\t<\/div>\n\t\t\t\t<\/div>\n\t\t\t\t<\/div>\n\t\t<div class=\"elementor-element elementor-element-e3f3342 e-con-full e-flex elementor-invisible e-con e-child\" data-id=\"e3f3342\" data-element_type=\"container\" data-settings=\"{&quot;background_background&quot;:&quot;classic&quot;,&quot;animation&quot;:&quot;fadeInUp&quot;}\">\n\t\t\t\t<div class=\"elementor-element elementor-element-815d34d elementor-widget elementor-widget-heading\" data-id=\"815d34d\" data-element_type=\"widget\" data-widget_type=\"heading.default\">\n\t\t\t\t<div class=\"elementor-widget-container\">\n\t\t\t\t\t<h3 class=\"elementor-heading-title elementor-size-default\">BRAUCHEN SIE EINE PROJEKTSTUDIE?<\/h3>\t\t\t\t<\/div>\n\t\t\t\t<\/div>\n\t\t\t\t<div class=\"elementor-element elementor-element-840387c elementor-widget elementor-widget-heading\" data-id=\"840387c\" data-element_type=\"widget\" data-widget_type=\"heading.default\">\n\t\t\t\t<div class=\"elementor-widget-container\">\n\t\t\t\t\t<h3 class=\"elementor-heading-title elementor-size-default\">KONTAKTIEREN SIE UNS\n<\/h3>\t\t\t\t<\/div>\n\t\t\t\t<\/div>\n\t\t<div class=\"elementor-element elementor-element-980e853 e-con-full e-flex e-con e-child\" data-id=\"980e853\" data-element_type=\"container\">\n\t\t\t\t<div class=\"elementor-element elementor-element-b92feb4 elementor-button-align-end elementor-widget elementor-widget-form\" data-id=\"b92feb4\" data-element_type=\"widget\" data-settings=\"{&quot;button_width&quot;:&quot;50&quot;,&quot;step_next_label&quot;:&quot;Weiter&quot;,&quot;step_previous_label&quot;:&quot;Zur\\u00fcck&quot;,&quot;step_type&quot;:&quot;number_text&quot;,&quot;step_icon_shape&quot;:&quot;circle&quot;}\" data-widget_type=\"form.default\">\n\t\t\t\t<div class=\"elementor-widget-container\">\n\t\t\t\t\t\t\t<form class=\"elementor-form\" method=\"post\" id=\"formulaire_de_contact\" name=\"Kontaktformular\" aria-label=\"Kontaktformular\">\n\t\t\t<input type=\"hidden\" name=\"post_id\" value=\"2167\"\/>\n\t\t\t<input type=\"hidden\" name=\"form_id\" value=\"b92feb4\"\/>\n\t\t\t<input type=\"hidden\" name=\"referer_title\" value=\"Studie und Projektgestaltung im Immobilienbereich in Saint-Tropez\" \/>\n\n\t\t\t\t\t\t\t<input type=\"hidden\" name=\"queried_id\" value=\"2167\"\/>\n\t\t\t\n\t\t\t<div class=\"elementor-form-fields-wrapper elementor-labels-\">\n\t\t\t\t\t\t\t\t<div class=\"elementor-field-type-text elementor-field-group elementor-column elementor-field-group-fullname elementor-col-50 elementor-field-required\">\n\t\t\t\t\t\t\t\t\t\t\t\t<label for=\"form-field-fullname\" class=\"elementor-field-label elementor-screen-only\">\n\t\t\t\t\t\t\t\tVorname und Nachname\t\t\t\t\t\t\t<\/label>\n\t\t\t\t\t\t\t\t\t\t\t\t\t\t<input size=\"1\" type=\"text\" name=\"form_fields[fullname]\" id=\"form-field-fullname\" class=\"elementor-field elementor-size-sm  elementor-field-textual\" placeholder=\"Vorname &amp; Nachname*\" required=\"required\">\n\t\t\t\t\t\t\t\t\t\t\t<\/div>\n\t\t\t\t\t\t\t\t<div class=\"elementor-field-type-text elementor-field-group elementor-column elementor-field-group-object elementor-col-50 elementor-field-required\">\n\t\t\t\t\t\t\t\t\t\t\t\t<label for=\"form-field-object\" class=\"elementor-field-label elementor-screen-only\">\n\t\t\t\t\t\t\t\tBetreff\t\t\t\t\t\t\t<\/label>\n\t\t\t\t\t\t\t\t\t\t\t\t\t\t<input size=\"1\" type=\"text\" name=\"form_fields[object]\" id=\"form-field-object\" class=\"elementor-field elementor-size-sm  elementor-field-textual\" placeholder=\"Betreff*\" required=\"required\">\n\t\t\t\t\t\t\t\t\t\t\t<\/div>\n\t\t\t\t\t\t\t\t<div class=\"elementor-field-type-email elementor-field-group elementor-column elementor-field-group-email elementor-col-50 elementor-field-required\">\n\t\t\t\t\t\t\t\t\t\t\t\t<label for=\"form-field-email\" class=\"elementor-field-label elementor-screen-only\">\n\t\t\t\t\t\t\t\tE-Mail-Adresse\t\t\t\t\t\t\t<\/label>\n\t\t\t\t\t\t\t\t\t\t\t\t\t\t<input size=\"1\" type=\"email\" name=\"form_fields[email]\" id=\"form-field-email\" class=\"elementor-field elementor-size-sm  elementor-field-textual\" placeholder=\"E-Mail-Adresse*\" required=\"required\">\n\t\t\t\t\t\t\t\t\t\t\t<\/div>\n\t\t\t\t\t\t\t\t<div class=\"elementor-field-type-textarea elementor-field-group elementor-column elementor-field-group-message elementor-col-50 elementor-field-required\">\n\t\t\t\t\t\t\t\t\t\t\t\t<label for=\"form-field-message\" class=\"elementor-field-label elementor-screen-only\">\n\t\t\t\t\t\t\t\tNachricht\t\t\t\t\t\t\t<\/label>\n\t\t\t\t\t\t<textarea class=\"elementor-field-textual elementor-field  elementor-size-sm\" name=\"form_fields[message]\" id=\"form-field-message\" rows=\"1\" placeholder=\"Nachricht*\" required=\"required\"><\/textarea>\t\t\t\t<\/div>\n\t\t\t\t\t\t\t\t<div class=\"elementor-field-type-text elementor-field-group elementor-column elementor-field-group-contact elementor-col-50\">\n\t\t\t\t\t\t\t\t\t\t\t\t<label for=\"form-field-contact\" class=\"elementor-field-label elementor-screen-only\">\n\t\t\t\t\t\t\t\tTelefon\t\t\t\t\t\t\t<\/label>\n\t\t\t\t\t\t\t\t\t\t\t\t\t\t<input size=\"1\" type=\"text\" name=\"form_fields[contact]\" id=\"form-field-contact\" class=\"elementor-field elementor-size-sm  elementor-field-textual\" placeholder=\"Telefon\">\n\t\t\t\t\t\t\t\t\t\t\t<\/div>\n\t\t\t\t\t\t\t\t<div class=\"elementor-field-type-recaptcha_v3 elementor-field-group elementor-column elementor-field-group-field_fb2f7cd elementor-col-100 recaptcha_v3-bottomright\">\n\t\t\t\t\t<div class=\"elementor-field\" id=\"form-field-field_fb2f7cd\"><div class=\"elementor-g-recaptcha\" data-sitekey=\"6LfsoPgqAAAAAPs0WaalLNIREhZuqm6Ccm_HWGPd\" data-type=\"v3\" data-action=\"Form\" data-badge=\"bottomright\" data-size=\"invisible\"><\/div><\/div>\t\t\t\t<\/div>\n\t\t\t\t\t\t\t\t<div class=\"elementor-field-group elementor-column elementor-field-type-submit elementor-col-50 e-form__buttons\">\n\t\t\t\t\t<button class=\"elementor-button elementor-size-md elementor-animation-grow\" type=\"submit\" id=\"contact_btn\">\n\t\t\t\t\t\t<span class=\"elementor-button-content-wrapper\">\n\t\t\t\t\t\t\t\t\t\t\t\t\t\t\t<span class=\"elementor-button-icon\">\n\t\t\t\t\t\t\t\t\t<svg xmlns=\"http:\/\/www.w3.org\/2000\/svg\" viewBox=\"0 0 86.2 28\"><defs><style>      .cls-1 {        fill: none;        stroke: #a88565;        stroke-miterlimit: 10;      }    <\/style><\/defs><g><g id=\"Calque_1\"><g><line class=\"cls-1\" y1=\"14\" x2=\"80.8\" y2=\"14\"><\/line><path class=\"cls-1\" d=\"M67.6,27.8s6-13.8,18.1-13.8h0c-12.1,0-18.1-13.8-18.1-13.8\"><\/path><\/g><\/g><\/g><\/svg>\t\t\t\t\t\t\t\t\t\t\t\t\t\t\t\t\t<\/span>\n\t\t\t\t\t\t\t\t\t\t\t\t\t\t\t\t\t\t\t\t\t\t<span class=\"elementor-button-text\">SENDEN<\/span>\n\t\t\t\t\t\t\t\t\t\t\t\t\t<\/span>\n\t\t\t\t\t<\/button>\n\t\t\t\t<\/div>\n\t\t\t<\/div>\n\t\t<\/form>\n\t\t\t\t\t\t<\/div>\n\t\t\t\t<\/div>\n\t\t\t\t<\/div>\n\t\t\t\t<\/div>\n\t\t\t\t<\/div>\n\t\t\t\t<\/div>\n\t\t","protected":false},"excerpt":{"rendered":"<p>STUDIE &amp; KONZEPTION Bei PFMOE verstehen wir, dass eine solide Planung entscheidend f\u00fcr den langfristigen Erfolg Ihres Projekts ist, sei es ein Neubau, eine Renovierung oder eine Erweiterung. Deshalb legen wir besonderen Wert auf die Analyse Ihrer Bed\u00fcrfnisse und die Entwicklung geeigneter L\u00f6sungen von Anfang an. Unser Ansatz beginnt mit einer detaillierten Analyse Ihrer Erwartungen, [&hellip;]<\/p>\n","protected":false},"author":1,"featured_media":0,"parent":0,"menu_order":0,"comment_status":"closed","ping_status":"closed","template":"","meta":{"footnotes":""},"class_list":["post-2167","page","type-page","status-publish","hentry"],"yoast_head":"<!-- This site is optimized with the Yoast SEO plugin v25.7 - https:\/\/yoast.com\/wordpress\/plugins\/seo\/ -->\n<title>Studie und Projektgestaltung im Immobilienbereich in Saint-Tropez<\/title>\n<meta name=\"description\" content=\"Vertrauen Sie uns Ihre Studien und die Gestaltung von Bau- und Renovierungsprojekten in Saint-Tropez, Grimaud und im Golf von St-Tropez an.\" \/>\n<meta name=\"robots\" content=\"index, follow, max-snippet:-1, max-image-preview:large, max-video-preview:-1\" \/>\n<link rel=\"canonical\" href=\"https:\/\/sainttropez-maitriseoeuvre.fr\/de\/studie-konzeption\/\" \/>\n<meta property=\"og:locale\" content=\"de_DE\" \/>\n<meta property=\"og:type\" content=\"article\" \/>\n<meta property=\"og:title\" content=\"Studie und Projektgestaltung im Immobilienbereich in Saint-Tropez\" \/>\n<meta property=\"og:description\" content=\"Vertrauen Sie uns Ihre Studien und die Gestaltung von Bau- und Renovierungsprojekten in Saint-Tropez, Grimaud und im Golf von St-Tropez an.\" \/>\n<meta property=\"og:url\" content=\"https:\/\/sainttropez-maitriseoeuvre.fr\/de\/studie-konzeption\/\" \/>\n<meta property=\"og:site_name\" content=\"PF MA\u00ceTRISE D&#039;\u0152UVRE\" \/>\n<meta property=\"article:modified_time\" content=\"2025-04-09T14:58:14+00:00\" \/>\n<meta property=\"og:image\" content=\"http:\/\/dev.sainttropez-maitriseoeuvre.fr\/wp-content\/uploads\/2025\/02\/fleche.png\" \/>\n<meta name=\"twitter:card\" content=\"summary_large_image\" \/>\n<meta name=\"twitter:label1\" content=\"Gesch\u00e4tzte Lesezeit\" \/>\n\t<meta name=\"twitter:data1\" content=\"2\u00a0Minuten\" \/>\n<script type=\"application\/ld+json\" class=\"yoast-schema-graph\">{\"@context\":\"https:\/\/schema.org\",\"@graph\":[{\"@type\":\"WebPage\",\"@id\":\"https:\/\/sainttropez-maitriseoeuvre.fr\/de\/studie-konzeption\/\",\"url\":\"https:\/\/sainttropez-maitriseoeuvre.fr\/de\/studie-konzeption\/\",\"name\":\"Studie und Projektgestaltung im Immobilienbereich in Saint-Tropez\",\"isPartOf\":{\"@id\":\"https:\/\/sainttropez-maitriseoeuvre.fr\/de\/#website\"},\"primaryImageOfPage\":{\"@id\":\"https:\/\/sainttropez-maitriseoeuvre.fr\/de\/studie-konzeption\/#primaryimage\"},\"image\":{\"@id\":\"https:\/\/sainttropez-maitriseoeuvre.fr\/de\/studie-konzeption\/#primaryimage\"},\"thumbnailUrl\":\"http:\/\/dev.sainttropez-maitriseoeuvre.fr\/wp-content\/uploads\/2025\/02\/fleche.png\",\"datePublished\":\"2025-02-19T17:35:05+00:00\",\"dateModified\":\"2025-04-09T14:58:14+00:00\",\"description\":\"Vertrauen Sie uns Ihre Studien und die Gestaltung von Bau- und Renovierungsprojekten in Saint-Tropez, Grimaud und im Golf von St-Tropez an.\",\"breadcrumb\":{\"@id\":\"https:\/\/sainttropez-maitriseoeuvre.fr\/de\/studie-konzeption\/#breadcrumb\"},\"inLanguage\":\"de\",\"potentialAction\":[{\"@type\":\"ReadAction\",\"target\":[\"https:\/\/sainttropez-maitriseoeuvre.fr\/de\/studie-konzeption\/\"]}]},{\"@type\":\"ImageObject\",\"inLanguage\":\"de\",\"@id\":\"https:\/\/sainttropez-maitriseoeuvre.fr\/de\/studie-konzeption\/#primaryimage\",\"url\":\"http:\/\/dev.sainttropez-maitriseoeuvre.fr\/wp-content\/uploads\/2025\/02\/fleche.png\",\"contentUrl\":\"http:\/\/dev.sainttropez-maitriseoeuvre.fr\/wp-content\/uploads\/2025\/02\/fleche.png\"},{\"@type\":\"BreadcrumbList\",\"@id\":\"https:\/\/sainttropez-maitriseoeuvre.fr\/de\/studie-konzeption\/#breadcrumb\",\"itemListElement\":[{\"@type\":\"ListItem\",\"position\":1,\"name\":\"Accueil\",\"item\":\"https:\/\/sainttropez-maitriseoeuvre.fr\/de\/\"},{\"@type\":\"ListItem\",\"position\":2,\"name\":\"Studie &amp; Konzeption\"}]},{\"@type\":\"WebSite\",\"@id\":\"https:\/\/sainttropez-maitriseoeuvre.fr\/de\/#website\",\"url\":\"https:\/\/sainttropez-maitriseoeuvre.fr\/de\/\",\"name\":\"PF MA\u00ceTRISE D'\u0152UVRE\",\"description\":\"Votre expert en maitrise d&#039;\u0153uvre dans le golfe de Saint-Tropez\",\"publisher\":{\"@id\":\"https:\/\/sainttropez-maitriseoeuvre.fr\/de\/#organization\"},\"potentialAction\":[{\"@type\":\"SearchAction\",\"target\":{\"@type\":\"EntryPoint\",\"urlTemplate\":\"https:\/\/sainttropez-maitriseoeuvre.fr\/de\/?s={search_term_string}\"},\"query-input\":{\"@type\":\"PropertyValueSpecification\",\"valueRequired\":true,\"valueName\":\"search_term_string\"}}],\"inLanguage\":\"de\"},{\"@type\":\"Organization\",\"@id\":\"https:\/\/sainttropez-maitriseoeuvre.fr\/de\/#organization\",\"name\":\"PF MA\u00ceTRISE D'\u0152UVRE\",\"url\":\"https:\/\/sainttropez-maitriseoeuvre.fr\/de\/\",\"logo\":{\"@type\":\"ImageObject\",\"inLanguage\":\"de\",\"@id\":\"https:\/\/sainttropez-maitriseoeuvre.fr\/de\/#\/schema\/logo\/image\/\",\"url\":\"https:\/\/sainttropez-maitriseoeuvre.fr\/wp-content\/uploads\/2025\/03\/cropped-logo_PFMO_1.png\",\"contentUrl\":\"https:\/\/sainttropez-maitriseoeuvre.fr\/wp-content\/uploads\/2025\/03\/cropped-logo_PFMO_1.png\",\"width\":1298,\"height\":525,\"caption\":\"PF MA\u00ceTRISE D'\u0152UVRE\"},\"image\":{\"@id\":\"https:\/\/sainttropez-maitriseoeuvre.fr\/de\/#\/schema\/logo\/image\/\"}}]}<\/script>\n<!-- \/ Yoast SEO plugin. -->","yoast_head_json":{"title":"Studie und Projektgestaltung im Immobilienbereich in Saint-Tropez","description":"Vertrauen Sie uns Ihre Studien und die Gestaltung von Bau- und Renovierungsprojekten in Saint-Tropez, Grimaud und im Golf von St-Tropez an.","robots":{"index":"index","follow":"follow","max-snippet":"max-snippet:-1","max-image-preview":"max-image-preview:large","max-video-preview":"max-video-preview:-1"},"canonical":"https:\/\/sainttropez-maitriseoeuvre.fr\/de\/studie-konzeption\/","og_locale":"de_DE","og_type":"article","og_title":"Studie und Projektgestaltung im Immobilienbereich in Saint-Tropez","og_description":"Vertrauen Sie uns Ihre Studien und die Gestaltung von Bau- und Renovierungsprojekten in Saint-Tropez, Grimaud und im Golf von St-Tropez an.","og_url":"https:\/\/sainttropez-maitriseoeuvre.fr\/de\/studie-konzeption\/","og_site_name":"PF MA\u00ceTRISE D&#039;\u0152UVRE","article_modified_time":"2025-04-09T14:58:14+00:00","og_image":[{"url":"http:\/\/dev.sainttropez-maitriseoeuvre.fr\/wp-content\/uploads\/2025\/02\/fleche.png","type":"","width":"","height":""}],"twitter_card":"summary_large_image","twitter_misc":{"Gesch\u00e4tzte Lesezeit":"2\u00a0Minuten"},"schema":{"@context":"https:\/\/schema.org","@graph":[{"@type":"WebPage","@id":"https:\/\/sainttropez-maitriseoeuvre.fr\/de\/studie-konzeption\/","url":"https:\/\/sainttropez-maitriseoeuvre.fr\/de\/studie-konzeption\/","name":"Studie und Projektgestaltung im Immobilienbereich in Saint-Tropez","isPartOf":{"@id":"https:\/\/sainttropez-maitriseoeuvre.fr\/de\/#website"},"primaryImageOfPage":{"@id":"https:\/\/sainttropez-maitriseoeuvre.fr\/de\/studie-konzeption\/#primaryimage"},"image":{"@id":"https:\/\/sainttropez-maitriseoeuvre.fr\/de\/studie-konzeption\/#primaryimage"},"thumbnailUrl":"http:\/\/dev.sainttropez-maitriseoeuvre.fr\/wp-content\/uploads\/2025\/02\/fleche.png","datePublished":"2025-02-19T17:35:05+00:00","dateModified":"2025-04-09T14:58:14+00:00","description":"Vertrauen Sie uns Ihre Studien und die Gestaltung von Bau- und Renovierungsprojekten in Saint-Tropez, Grimaud und im Golf von St-Tropez an.","breadcrumb":{"@id":"https:\/\/sainttropez-maitriseoeuvre.fr\/de\/studie-konzeption\/#breadcrumb"},"inLanguage":"de","potentialAction":[{"@type":"ReadAction","target":["https:\/\/sainttropez-maitriseoeuvre.fr\/de\/studie-konzeption\/"]}]},{"@type":"ImageObject","inLanguage":"de","@id":"https:\/\/sainttropez-maitriseoeuvre.fr\/de\/studie-konzeption\/#primaryimage","url":"http:\/\/dev.sainttropez-maitriseoeuvre.fr\/wp-content\/uploads\/2025\/02\/fleche.png","contentUrl":"http:\/\/dev.sainttropez-maitriseoeuvre.fr\/wp-content\/uploads\/2025\/02\/fleche.png"},{"@type":"BreadcrumbList","@id":"https:\/\/sainttropez-maitriseoeuvre.fr\/de\/studie-konzeption\/#breadcrumb","itemListElement":[{"@type":"ListItem","position":1,"name":"Accueil","item":"https:\/\/sainttropez-maitriseoeuvre.fr\/de\/"},{"@type":"ListItem","position":2,"name":"Studie &amp; Konzeption"}]},{"@type":"WebSite","@id":"https:\/\/sainttropez-maitriseoeuvre.fr\/de\/#website","url":"https:\/\/sainttropez-maitriseoeuvre.fr\/de\/","name":"PF MA\u00ceTRISE D'\u0152UVRE","description":"Votre expert en maitrise d&#039;\u0153uvre dans le golfe de Saint-Tropez","publisher":{"@id":"https:\/\/sainttropez-maitriseoeuvre.fr\/de\/#organization"},"potentialAction":[{"@type":"SearchAction","target":{"@type":"EntryPoint","urlTemplate":"https:\/\/sainttropez-maitriseoeuvre.fr\/de\/?s={search_term_string}"},"query-input":{"@type":"PropertyValueSpecification","valueRequired":true,"valueName":"search_term_string"}}],"inLanguage":"de"},{"@type":"Organization","@id":"https:\/\/sainttropez-maitriseoeuvre.fr\/de\/#organization","name":"PF MA\u00ceTRISE D'\u0152UVRE","url":"https:\/\/sainttropez-maitriseoeuvre.fr\/de\/","logo":{"@type":"ImageObject","inLanguage":"de","@id":"https:\/\/sainttropez-maitriseoeuvre.fr\/de\/#\/schema\/logo\/image\/","url":"https:\/\/sainttropez-maitriseoeuvre.fr\/wp-content\/uploads\/2025\/03\/cropped-logo_PFMO_1.png","contentUrl":"https:\/\/sainttropez-maitriseoeuvre.fr\/wp-content\/uploads\/2025\/03\/cropped-logo_PFMO_1.png","width":1298,"height":525,"caption":"PF MA\u00ceTRISE D'\u0152UVRE"},"image":{"@id":"https:\/\/sainttropez-maitriseoeuvre.fr\/de\/#\/schema\/logo\/image\/"}}]}},"_links":{"self":[{"href":"https:\/\/sainttropez-maitriseoeuvre.fr\/de\/wp-json\/wp\/v2\/pages\/2167","targetHints":{"allow":["GET"]}}],"collection":[{"href":"https:\/\/sainttropez-maitriseoeuvre.fr\/de\/wp-json\/wp\/v2\/pages"}],"about":[{"href":"https:\/\/sainttropez-maitriseoeuvre.fr\/de\/wp-json\/wp\/v2\/types\/page"}],"author":[{"embeddable":true,"href":"https:\/\/sainttropez-maitriseoeuvre.fr\/de\/wp-json\/wp\/v2\/users\/1"}],"replies":[{"embeddable":true,"href":"https:\/\/sainttropez-maitriseoeuvre.fr\/de\/wp-json\/wp\/v2\/comments?post=2167"}],"version-history":[{"count":9,"href":"https:\/\/sainttropez-maitriseoeuvre.fr\/de\/wp-json\/wp\/v2\/pages\/2167\/revisions"}],"predecessor-version":[{"id":10696,"href":"https:\/\/sainttropez-maitriseoeuvre.fr\/de\/wp-json\/wp\/v2\/pages\/2167\/revisions\/10696"}],"wp:attachment":[{"href":"https:\/\/sainttropez-maitriseoeuvre.fr\/de\/wp-json\/wp\/v2\/media?parent=2167"}],"curies":[{"name":"wp","href":"https:\/\/api.w.org\/{rel}","templated":true}]}}