{"id":2152,"date":"2025-02-19T18:38:10","date_gmt":"2025-02-19T17:38:10","guid":{"rendered":"https:\/\/sainttropez-maitriseoeuvre.fr\/assistenz-bei-der-bauabnahme\/"},"modified":"2026-01-19T21:39:22","modified_gmt":"2026-01-19T20:39:22","slug":"assistenz-bei-der-bauabnahme","status":"publish","type":"page","link":"https:\/\/sainttropez-maitriseoeuvre.fr\/de\/assistenz-bei-der-bauabnahme\/","title":{"rendered":"Assistenz bei der Bauabnahme"},"content":{"rendered":"\t\t<div data-elementor-type=\"wp-page\" data-elementor-id=\"2152\" class=\"elementor elementor-2152 elementor-288\" data-elementor-post-type=\"page\">\n\t\t\t\t<div class=\"elementor-element elementor-element-343acc8 e-con-full e-flex e-con e-parent\" data-id=\"343acc8\" data-element_type=\"container\" data-settings=\"{&quot;background_background&quot;:&quot;classic&quot;}\">\n\t\t<div class=\"elementor-element elementor-element-00a54cd e-con-full e-flex e-con e-child\" data-id=\"00a54cd\" data-element_type=\"container\" data-settings=\"{&quot;background_background&quot;:&quot;classic&quot;}\">\n\t\t<div class=\"elementor-element elementor-element-d276ddc e-con-full e-flex e-con e-child\" data-id=\"d276ddc\" data-element_type=\"container\">\n\t\t\t\t<div class=\"elementor-element elementor-element-8c5622b elementor-invisible elementor-widget elementor-widget-heading\" data-id=\"8c5622b\" data-element_type=\"widget\" data-settings=\"{&quot;_animation&quot;:&quot;fadeInUp&quot;}\" data-widget_type=\"heading.default\">\n\t\t\t\t<div class=\"elementor-widget-container\">\n\t\t\t\t\t<h1 class=\"elementor-heading-title elementor-size-default\">ASSISTENZ BEI DER ABNAHME DER ARBEITEN<\/h1>\t\t\t\t<\/div>\n\t\t\t\t<\/div>\n\t\t\t\t<div class=\"elementor-element elementor-element-b06419d e-transform elementor-widget elementor-widget-image\" data-id=\"b06419d\" data-element_type=\"widget\" data-settings=\"{&quot;_transform_rotateZ_effect&quot;:{&quot;unit&quot;:&quot;px&quot;,&quot;size&quot;:90,&quot;sizes&quot;:[]},&quot;_transform_rotateZ_effect_tablet&quot;:{&quot;unit&quot;:&quot;deg&quot;,&quot;size&quot;:&quot;&quot;,&quot;sizes&quot;:[]},&quot;_transform_rotateZ_effect_mobile&quot;:{&quot;unit&quot;:&quot;deg&quot;,&quot;size&quot;:&quot;&quot;,&quot;sizes&quot;:[]}}\" data-widget_type=\"image.default\">\n\t\t\t\t<div class=\"elementor-widget-container\">\n\t\t\t\t\t\t\t\t\t\t\t\t\t\t\t<img decoding=\"async\" src=\"http:\/\/dev.sainttropez-maitriseoeuvre.fr\/wp-content\/uploads\/2025\/02\/fleche.png\" title=\"\" alt=\"\" loading=\"lazy\" \/>\t\t\t\t\t\t\t\t\t\t\t\t\t\t\t<\/div>\n\t\t\t\t<\/div>\n\t\t\t\t<div class=\"elementor-element elementor-element-294ee02 animated-slow elementor-invisible elementor-widget elementor-widget-text-editor\" data-id=\"294ee02\" data-element_type=\"widget\" data-settings=\"{&quot;_animation&quot;:&quot;fadeInUp&quot;}\" data-widget_type=\"text-editor.default\">\n\t\t\t\t<div class=\"elementor-widget-container\">\n\t\t\t\t\t\t\t\t\t<p style=\"text-align: center;\" data-start=\"0\" data-end=\"441\">Chez P&amp;F Ma\u00eetrise d\u2019\u0152uvre, nous vous accompagnons jusqu\u2019\u00e0 l\u2019\u00e9tape finale de la maitrise d&#8217;oeuvre avec notre service d\u2019assistance au ma\u00eetre d&#8217;ouvrage (AMO) pour la r\u00e9ception des travaux. Cette phase cruciale intervient une fois que tous les travaux sont achev\u00e9s et que les diff\u00e9rents corps de m\u00e9tiers ont termin\u00e9 leurs interventions. Notre r\u00f4le consiste \u00e0 v\u00e9rifier la conformit\u00e9 des ouvrages et \u00e0 nous assurer que tout est en ordre avant la livraison d\u00e9finitive du projet.<br><br>Bei PF Ma\u00eetrise d\u2019\u0152uvre stehen wir Ihnen bis zur finalen Phase der <a href=\"https:\/\/sainttropez-maitriseoeuvre.fr\/de\/\">Bauleitung <\/a>zur Seite und begleiten Sie mit unserem Service der Bauherrenassistenz (AMO) bei der <strong>Abnahme der Bauleistungen<\/strong>. Diese entscheidende Etappe beginnt, sobald s\u00e4mtliche Arbeiten abgeschlossen sind und alle beteiligten Gewerke ihre Leistungen erbracht haben. Wir sorgen daf\u00fcr, dass alle <strong>Ausf\u00fchrungen den vereinbarten Anforderungen entsprechen<\/strong>, und gew\u00e4hrleisten eine reibungslose sowie sichere <strong>\u00dcbergabe Ihres Projekts<\/strong>.  <\/p><p style=\"text-align: center;\" data-start=\"443\" data-end=\"1018\">Sobald die Arbeiten abgeschlossen sind, f\u00fchren wir eine <strong>vollst\u00e4ndige Inspektion <\/strong>der Ausf\u00fchrungen durch, wobei wir alle Aspekte der Baustelle sowohl aus technischer als auch aus visueller Sicht sorgf\u00e4ltig kontrollieren. Diese \u00dcberpr\u00fcfung stellt sicher, dass die Arbeiten den Pl\u00e4nen, den Leistungsbeschreibungen, den geltenden Normen und den spezifischen Anforderungen entsprechen, die Sie zu Beginn definiert haben. Werden Anomalien oder M\u00e4ngel festgestellt, notieren wir diese als M\u00e4ngel und melden sie den beteiligten Unternehmen, damit diese so schnell wie m\u00f6glich behoben werden.  <\/p><p style=\"text-align: center;\" data-start=\"1020\" data-end=\"1503\">Anschlie\u00dfend organisieren wir die Abnahmebesuche, die wichtige Momente darstellen, in denen wir die Arbeiten in Anwesenheit der verschiedenen Beteiligten validieren. W\u00e4hrend dieser Besuche erstellen wir die <strong>Abnahmeprotokolle<\/strong>, die die durchgef\u00fchrten Arbeiten und etwaige festgestellte M\u00e4ngel dokumentieren. Diese Dokumente sind unerl\u00e4sslich, um den Abschluss der Arbeiten zu formalisieren und die gesetzlichen Garantien wie die Gew\u00e4hrleistung f\u00fcr die ordnungsgem\u00e4\u00dfe Ausf\u00fchrung und die zehnj\u00e4hrige Garantie zu aktivieren.  <\/p><p style=\"text-align: center;\" data-start=\"1505\" data-end=\"1883\" data-is-last-node=\"\" data-is-only-node=\"\">Diese Abnahmephase ist daher von entscheidender Bedeutung, um die <strong>ausgef\u00fchrten Arbeiten zu validieren<\/strong> und sicherzustellen, dass das Projekt vollst\u00e4ndig und gem\u00e4\u00df Ihren Erwartungen geliefert wird. Dank der Expertise von P&amp;F Ma\u00eetrise d\u2019\u0152uvre k\u00f6nnen Sie sicher sein, dass die <strong>\u00dcbergabe Ihren Anforderungen entspricht<\/strong>, ohne Kompromisse bei der Qualit\u00e4t und innerhalb der angegebenen Fristen, sodass Sie vollkommen beruhigt sein k\u00f6nnen. <\/p>\t\t\t\t\t\t\t\t<\/div>\n\t\t\t\t<\/div>\n\t\t\t\t<\/div>\n\t\t\t\t<\/div>\n\t\t<div class=\"elementor-element elementor-element-0ae1619 e-con-full e-flex elementor-invisible e-con e-child\" data-id=\"0ae1619\" data-element_type=\"container\" data-settings=\"{&quot;background_background&quot;:&quot;classic&quot;,&quot;animation&quot;:&quot;fadeInUp&quot;}\">\n\t\t\t\t<div class=\"elementor-element elementor-element-3d7f659 elementor-widget elementor-widget-heading\" data-id=\"3d7f659\" data-element_type=\"widget\" data-widget_type=\"heading.default\">\n\t\t\t\t<div class=\"elementor-widget-container\">\n\t\t\t\t\t<h3 class=\"elementor-heading-title elementor-size-default\">BEN\u00d6TIGEN SIE UNTERST\u00dcTZUNG BEI DER ABNAHME IHRER ARBEITEN?\n<\/h3>\t\t\t\t<\/div>\n\t\t\t\t<\/div>\n\t\t\t\t<div class=\"elementor-element elementor-element-17849c4 elementor-widget elementor-widget-heading\" data-id=\"17849c4\" data-element_type=\"widget\" data-widget_type=\"heading.default\">\n\t\t\t\t<div class=\"elementor-widget-container\">\n\t\t\t\t\t<h3 class=\"elementor-heading-title elementor-size-default\">KONTAKTIEREN SIE UNS\n<\/h3>\t\t\t\t<\/div>\n\t\t\t\t<\/div>\n\t\t<div class=\"elementor-element elementor-element-6e3ede8 e-con-full e-flex e-con e-child\" data-id=\"6e3ede8\" data-element_type=\"container\">\n\t\t\t\t<div class=\"elementor-element elementor-element-a18d97b elementor-button-align-end elementor-widget elementor-widget-form\" data-id=\"a18d97b\" data-element_type=\"widget\" data-settings=\"{&quot;button_width&quot;:&quot;50&quot;,&quot;step_next_label&quot;:&quot;Weiter&quot;,&quot;step_previous_label&quot;:&quot;Zur\\u00fcck&quot;,&quot;step_type&quot;:&quot;number_text&quot;,&quot;step_icon_shape&quot;:&quot;circle&quot;}\" data-widget_type=\"form.default\">\n\t\t\t\t<div class=\"elementor-widget-container\">\n\t\t\t\t\t\t\t<form class=\"elementor-form\" method=\"post\" id=\"formulaire_de_contact\" name=\"Kontaktformular\" aria-label=\"Kontaktformular\">\n\t\t\t<input type=\"hidden\" name=\"post_id\" value=\"2152\"\/>\n\t\t\t<input type=\"hidden\" name=\"form_id\" value=\"a18d97b\"\/>\n\t\t\t<input type=\"hidden\" name=\"referer_title\" value=\"Unterst\u00fctzung bei der Abnahme von Arbeiten im Golf von St-Tropez\" \/>\n\n\t\t\t\t\t\t\t<input type=\"hidden\" name=\"queried_id\" value=\"2152\"\/>\n\t\t\t\n\t\t\t<div class=\"elementor-form-fields-wrapper elementor-labels-\">\n\t\t\t\t\t\t\t\t<div class=\"elementor-field-type-text elementor-field-group elementor-column elementor-field-group-fullname elementor-col-50 elementor-field-required\">\n\t\t\t\t\t\t\t\t\t\t\t\t<label for=\"form-field-fullname\" class=\"elementor-field-label elementor-screen-only\">\n\t\t\t\t\t\t\t\tVorname und Nachname\t\t\t\t\t\t\t<\/label>\n\t\t\t\t\t\t\t\t\t\t\t\t\t\t<input size=\"1\" type=\"text\" name=\"form_fields[fullname]\" id=\"form-field-fullname\" class=\"elementor-field elementor-size-sm  elementor-field-textual\" placeholder=\"Vorname &amp; Nachname*\" required=\"required\">\n\t\t\t\t\t\t\t\t\t\t\t<\/div>\n\t\t\t\t\t\t\t\t<div class=\"elementor-field-type-text elementor-field-group elementor-column elementor-field-group-object elementor-col-50 elementor-field-required\">\n\t\t\t\t\t\t\t\t\t\t\t\t<label for=\"form-field-object\" class=\"elementor-field-label elementor-screen-only\">\n\t\t\t\t\t\t\t\tBetreff\t\t\t\t\t\t\t<\/label>\n\t\t\t\t\t\t\t\t\t\t\t\t\t\t<input size=\"1\" type=\"text\" name=\"form_fields[object]\" id=\"form-field-object\" class=\"elementor-field elementor-size-sm  elementor-field-textual\" placeholder=\"Betreff*\" required=\"required\">\n\t\t\t\t\t\t\t\t\t\t\t<\/div>\n\t\t\t\t\t\t\t\t<div class=\"elementor-field-type-email elementor-field-group elementor-column elementor-field-group-email elementor-col-50 elementor-field-required\">\n\t\t\t\t\t\t\t\t\t\t\t\t<label for=\"form-field-email\" class=\"elementor-field-label elementor-screen-only\">\n\t\t\t\t\t\t\t\tE-Mail-Adresse\t\t\t\t\t\t\t<\/label>\n\t\t\t\t\t\t\t\t\t\t\t\t\t\t<input size=\"1\" type=\"email\" name=\"form_fields[email]\" id=\"form-field-email\" class=\"elementor-field elementor-size-sm  elementor-field-textual\" placeholder=\"E-Mail-Adresse*\" required=\"required\">\n\t\t\t\t\t\t\t\t\t\t\t<\/div>\n\t\t\t\t\t\t\t\t<div class=\"elementor-field-type-textarea elementor-field-group elementor-column elementor-field-group-message elementor-col-50 elementor-field-required\">\n\t\t\t\t\t\t\t\t\t\t\t\t<label for=\"form-field-message\" class=\"elementor-field-label elementor-screen-only\">\n\t\t\t\t\t\t\t\tNachricht\t\t\t\t\t\t\t<\/label>\n\t\t\t\t\t\t<textarea class=\"elementor-field-textual elementor-field  elementor-size-sm\" name=\"form_fields[message]\" id=\"form-field-message\" rows=\"1\" placeholder=\"Nachricht*\" required=\"required\"><\/textarea>\t\t\t\t<\/div>\n\t\t\t\t\t\t\t\t<div class=\"elementor-field-type-text elementor-field-group elementor-column elementor-field-group-contact elementor-col-50\">\n\t\t\t\t\t\t\t\t\t\t\t\t<label for=\"form-field-contact\" class=\"elementor-field-label elementor-screen-only\">\n\t\t\t\t\t\t\t\tTelefon\t\t\t\t\t\t\t<\/label>\n\t\t\t\t\t\t\t\t\t\t\t\t\t\t<input size=\"1\" type=\"text\" name=\"form_fields[contact]\" id=\"form-field-contact\" class=\"elementor-field elementor-size-sm  elementor-field-textual\" placeholder=\"Telefon\">\n\t\t\t\t\t\t\t\t\t\t\t<\/div>\n\t\t\t\t\t\t\t\t<div class=\"elementor-field-type-recaptcha_v3 elementor-field-group elementor-column elementor-field-group-field_f2b0655 elementor-col-100 recaptcha_v3-bottomright\">\n\t\t\t\t\t<div class=\"elementor-field\" id=\"form-field-field_f2b0655\"><div class=\"elementor-g-recaptcha\" data-sitekey=\"6LfsoPgqAAAAAPs0WaalLNIREhZuqm6Ccm_HWGPd\" data-type=\"v3\" data-action=\"Form\" data-badge=\"bottomright\" data-size=\"invisible\"><\/div><\/div>\t\t\t\t<\/div>\n\t\t\t\t\t\t\t\t<div class=\"elementor-field-group elementor-column elementor-field-type-submit elementor-col-50 e-form__buttons\">\n\t\t\t\t\t<button class=\"elementor-button elementor-size-md elementor-animation-grow\" type=\"submit\" id=\"contact_btn\">\n\t\t\t\t\t\t<span class=\"elementor-button-content-wrapper\">\n\t\t\t\t\t\t\t\t\t\t\t\t\t\t\t<span class=\"elementor-button-icon\">\n\t\t\t\t\t\t\t\t\t<svg xmlns=\"http:\/\/www.w3.org\/2000\/svg\" viewBox=\"0 0 86.2 28\"><defs><style>      .cls-1 {        fill: none;        stroke: #a88565;        stroke-miterlimit: 10;      }    <\/style><\/defs><g><g id=\"Calque_1\"><g><line class=\"cls-1\" y1=\"14\" x2=\"80.8\" y2=\"14\"><\/line><path class=\"cls-1\" d=\"M67.6,27.8s6-13.8,18.1-13.8h0c-12.1,0-18.1-13.8-18.1-13.8\"><\/path><\/g><\/g><\/g><\/svg>\t\t\t\t\t\t\t\t\t\t\t\t\t\t\t\t\t<\/span>\n\t\t\t\t\t\t\t\t\t\t\t\t\t\t\t\t\t\t\t\t\t\t<span class=\"elementor-button-text\">SENDEN<\/span>\n\t\t\t\t\t\t\t\t\t\t\t\t\t<\/span>\n\t\t\t\t\t<\/button>\n\t\t\t\t<\/div>\n\t\t\t<\/div>\n\t\t<\/form>\n\t\t\t\t\t\t<\/div>\n\t\t\t\t<\/div>\n\t\t\t\t<\/div>\n\t\t\t\t<\/div>\n\t\t\t\t<\/div>\n\t\t\t\t<\/div>\n\t\t","protected":false},"excerpt":{"rendered":"<p>ASSISTENZ BEI DER ABNAHME DER ARBEITEN Chez P&amp;F Ma\u00eetrise d\u2019\u0152uvre, nous vous accompagnons jusqu\u2019\u00e0 l\u2019\u00e9tape finale de la maitrise d&#8217;oeuvre avec notre service d\u2019assistance au ma\u00eetre d&#8217;ouvrage (AMO) pour la r\u00e9ception des travaux. Cette phase cruciale intervient une fois que tous les travaux sont achev\u00e9s et que les diff\u00e9rents corps de m\u00e9tiers ont termin\u00e9 leurs [&hellip;]<\/p>\n","protected":false},"author":1,"featured_media":0,"parent":0,"menu_order":0,"comment_status":"closed","ping_status":"closed","template":"","meta":{"footnotes":""},"class_list":["post-2152","page","type-page","status-publish","hentry"],"yoast_head":"<!-- This site is optimized with the Yoast SEO plugin v25.7 - https:\/\/yoast.com\/wordpress\/plugins\/seo\/ -->\n<title>Unterst\u00fctzung bei der Abnahme von Arbeiten im Golf von St-Tropez<\/title>\n<meta name=\"description\" content=\"Profitieren Sie von unserer Unterst\u00fctzung bei der Abnahme Ihrer Arbeiten in Grimaud, Sainte-Maxime, Saint-Tropez und der Region PACA.\" \/>\n<meta name=\"robots\" content=\"index, follow, max-snippet:-1, max-image-preview:large, max-video-preview:-1\" \/>\n<link rel=\"canonical\" href=\"https:\/\/sainttropez-maitriseoeuvre.fr\/de\/assistenz-bei-der-bauabnahme\/\" \/>\n<meta property=\"og:locale\" content=\"de_DE\" \/>\n<meta property=\"og:type\" content=\"article\" \/>\n<meta property=\"og:title\" content=\"Unterst\u00fctzung bei der Abnahme von Arbeiten im Golf von St-Tropez\" \/>\n<meta property=\"og:description\" content=\"Profitieren Sie von unserer Unterst\u00fctzung bei der Abnahme Ihrer Arbeiten in Grimaud, Sainte-Maxime, Saint-Tropez und der Region PACA.\" \/>\n<meta property=\"og:url\" content=\"https:\/\/sainttropez-maitriseoeuvre.fr\/de\/assistenz-bei-der-bauabnahme\/\" \/>\n<meta property=\"og:site_name\" content=\"PF MA\u00ceTRISE D&#039;\u0152UVRE\" \/>\n<meta property=\"article:modified_time\" content=\"2026-01-19T20:39:22+00:00\" \/>\n<meta property=\"og:image\" content=\"http:\/\/dev.sainttropez-maitriseoeuvre.fr\/wp-content\/uploads\/2025\/02\/fleche.png\" \/>\n<meta name=\"twitter:card\" content=\"summary_large_image\" \/>\n<meta name=\"twitter:label1\" content=\"Gesch\u00e4tzte Lesezeit\" \/>\n\t<meta name=\"twitter:data1\" content=\"2\u00a0Minuten\" \/>\n<script type=\"application\/ld+json\" class=\"yoast-schema-graph\">{\"@context\":\"https:\/\/schema.org\",\"@graph\":[{\"@type\":\"WebPage\",\"@id\":\"https:\/\/sainttropez-maitriseoeuvre.fr\/de\/assistenz-bei-der-bauabnahme\/\",\"url\":\"https:\/\/sainttropez-maitriseoeuvre.fr\/de\/assistenz-bei-der-bauabnahme\/\",\"name\":\"Unterst\u00fctzung bei der Abnahme von Arbeiten im Golf von St-Tropez\",\"isPartOf\":{\"@id\":\"https:\/\/sainttropez-maitriseoeuvre.fr\/de\/#website\"},\"primaryImageOfPage\":{\"@id\":\"https:\/\/sainttropez-maitriseoeuvre.fr\/de\/assistenz-bei-der-bauabnahme\/#primaryimage\"},\"image\":{\"@id\":\"https:\/\/sainttropez-maitriseoeuvre.fr\/de\/assistenz-bei-der-bauabnahme\/#primaryimage\"},\"thumbnailUrl\":\"http:\/\/dev.sainttropez-maitriseoeuvre.fr\/wp-content\/uploads\/2025\/02\/fleche.png\",\"datePublished\":\"2025-02-19T17:38:10+00:00\",\"dateModified\":\"2026-01-19T20:39:22+00:00\",\"description\":\"Profitieren Sie von unserer Unterst\u00fctzung bei der Abnahme Ihrer Arbeiten in Grimaud, Sainte-Maxime, Saint-Tropez und der Region PACA.\",\"breadcrumb\":{\"@id\":\"https:\/\/sainttropez-maitriseoeuvre.fr\/de\/assistenz-bei-der-bauabnahme\/#breadcrumb\"},\"inLanguage\":\"de\",\"potentialAction\":[{\"@type\":\"ReadAction\",\"target\":[\"https:\/\/sainttropez-maitriseoeuvre.fr\/de\/assistenz-bei-der-bauabnahme\/\"]}]},{\"@type\":\"ImageObject\",\"inLanguage\":\"de\",\"@id\":\"https:\/\/sainttropez-maitriseoeuvre.fr\/de\/assistenz-bei-der-bauabnahme\/#primaryimage\",\"url\":\"http:\/\/dev.sainttropez-maitriseoeuvre.fr\/wp-content\/uploads\/2025\/02\/fleche.png\",\"contentUrl\":\"http:\/\/dev.sainttropez-maitriseoeuvre.fr\/wp-content\/uploads\/2025\/02\/fleche.png\"},{\"@type\":\"BreadcrumbList\",\"@id\":\"https:\/\/sainttropez-maitriseoeuvre.fr\/de\/assistenz-bei-der-bauabnahme\/#breadcrumb\",\"itemListElement\":[{\"@type\":\"ListItem\",\"position\":1,\"name\":\"Accueil\",\"item\":\"https:\/\/sainttropez-maitriseoeuvre.fr\/de\/\"},{\"@type\":\"ListItem\",\"position\":2,\"name\":\"Assistenz bei der Bauabnahme\"}]},{\"@type\":\"WebSite\",\"@id\":\"https:\/\/sainttropez-maitriseoeuvre.fr\/de\/#website\",\"url\":\"https:\/\/sainttropez-maitriseoeuvre.fr\/de\/\",\"name\":\"PF MA\u00ceTRISE D'\u0152UVRE\",\"description\":\"Votre expert en maitrise d&#039;\u0153uvre dans le golfe de Saint-Tropez\",\"publisher\":{\"@id\":\"https:\/\/sainttropez-maitriseoeuvre.fr\/de\/#organization\"},\"potentialAction\":[{\"@type\":\"SearchAction\",\"target\":{\"@type\":\"EntryPoint\",\"urlTemplate\":\"https:\/\/sainttropez-maitriseoeuvre.fr\/de\/?s={search_term_string}\"},\"query-input\":{\"@type\":\"PropertyValueSpecification\",\"valueRequired\":true,\"valueName\":\"search_term_string\"}}],\"inLanguage\":\"de\"},{\"@type\":\"Organization\",\"@id\":\"https:\/\/sainttropez-maitriseoeuvre.fr\/de\/#organization\",\"name\":\"PF MA\u00ceTRISE D'\u0152UVRE\",\"url\":\"https:\/\/sainttropez-maitriseoeuvre.fr\/de\/\",\"logo\":{\"@type\":\"ImageObject\",\"inLanguage\":\"de\",\"@id\":\"https:\/\/sainttropez-maitriseoeuvre.fr\/de\/#\/schema\/logo\/image\/\",\"url\":\"https:\/\/sainttropez-maitriseoeuvre.fr\/wp-content\/uploads\/2025\/03\/cropped-logo_PFMO_1.png\",\"contentUrl\":\"https:\/\/sainttropez-maitriseoeuvre.fr\/wp-content\/uploads\/2025\/03\/cropped-logo_PFMO_1.png\",\"width\":1298,\"height\":525,\"caption\":\"PF MA\u00ceTRISE D'\u0152UVRE\"},\"image\":{\"@id\":\"https:\/\/sainttropez-maitriseoeuvre.fr\/de\/#\/schema\/logo\/image\/\"}}]}<\/script>\n<!-- \/ Yoast SEO plugin. -->","yoast_head_json":{"title":"Unterst\u00fctzung bei der Abnahme von Arbeiten im Golf von St-Tropez","description":"Profitieren Sie von unserer Unterst\u00fctzung bei der Abnahme Ihrer Arbeiten in Grimaud, Sainte-Maxime, Saint-Tropez und der Region PACA.","robots":{"index":"index","follow":"follow","max-snippet":"max-snippet:-1","max-image-preview":"max-image-preview:large","max-video-preview":"max-video-preview:-1"},"canonical":"https:\/\/sainttropez-maitriseoeuvre.fr\/de\/assistenz-bei-der-bauabnahme\/","og_locale":"de_DE","og_type":"article","og_title":"Unterst\u00fctzung bei der Abnahme von Arbeiten im Golf von St-Tropez","og_description":"Profitieren Sie von unserer Unterst\u00fctzung bei der Abnahme Ihrer Arbeiten in Grimaud, Sainte-Maxime, Saint-Tropez und der Region PACA.","og_url":"https:\/\/sainttropez-maitriseoeuvre.fr\/de\/assistenz-bei-der-bauabnahme\/","og_site_name":"PF MA\u00ceTRISE D&#039;\u0152UVRE","article_modified_time":"2026-01-19T20:39:22+00:00","og_image":[{"url":"http:\/\/dev.sainttropez-maitriseoeuvre.fr\/wp-content\/uploads\/2025\/02\/fleche.png","type":"","width":"","height":""}],"twitter_card":"summary_large_image","twitter_misc":{"Gesch\u00e4tzte Lesezeit":"2\u00a0Minuten"},"schema":{"@context":"https:\/\/schema.org","@graph":[{"@type":"WebPage","@id":"https:\/\/sainttropez-maitriseoeuvre.fr\/de\/assistenz-bei-der-bauabnahme\/","url":"https:\/\/sainttropez-maitriseoeuvre.fr\/de\/assistenz-bei-der-bauabnahme\/","name":"Unterst\u00fctzung bei der Abnahme von Arbeiten im Golf von St-Tropez","isPartOf":{"@id":"https:\/\/sainttropez-maitriseoeuvre.fr\/de\/#website"},"primaryImageOfPage":{"@id":"https:\/\/sainttropez-maitriseoeuvre.fr\/de\/assistenz-bei-der-bauabnahme\/#primaryimage"},"image":{"@id":"https:\/\/sainttropez-maitriseoeuvre.fr\/de\/assistenz-bei-der-bauabnahme\/#primaryimage"},"thumbnailUrl":"http:\/\/dev.sainttropez-maitriseoeuvre.fr\/wp-content\/uploads\/2025\/02\/fleche.png","datePublished":"2025-02-19T17:38:10+00:00","dateModified":"2026-01-19T20:39:22+00:00","description":"Profitieren Sie von unserer Unterst\u00fctzung bei der Abnahme Ihrer Arbeiten in Grimaud, Sainte-Maxime, Saint-Tropez und der Region PACA.","breadcrumb":{"@id":"https:\/\/sainttropez-maitriseoeuvre.fr\/de\/assistenz-bei-der-bauabnahme\/#breadcrumb"},"inLanguage":"de","potentialAction":[{"@type":"ReadAction","target":["https:\/\/sainttropez-maitriseoeuvre.fr\/de\/assistenz-bei-der-bauabnahme\/"]}]},{"@type":"ImageObject","inLanguage":"de","@id":"https:\/\/sainttropez-maitriseoeuvre.fr\/de\/assistenz-bei-der-bauabnahme\/#primaryimage","url":"http:\/\/dev.sainttropez-maitriseoeuvre.fr\/wp-content\/uploads\/2025\/02\/fleche.png","contentUrl":"http:\/\/dev.sainttropez-maitriseoeuvre.fr\/wp-content\/uploads\/2025\/02\/fleche.png"},{"@type":"BreadcrumbList","@id":"https:\/\/sainttropez-maitriseoeuvre.fr\/de\/assistenz-bei-der-bauabnahme\/#breadcrumb","itemListElement":[{"@type":"ListItem","position":1,"name":"Accueil","item":"https:\/\/sainttropez-maitriseoeuvre.fr\/de\/"},{"@type":"ListItem","position":2,"name":"Assistenz bei der Bauabnahme"}]},{"@type":"WebSite","@id":"https:\/\/sainttropez-maitriseoeuvre.fr\/de\/#website","url":"https:\/\/sainttropez-maitriseoeuvre.fr\/de\/","name":"PF MA\u00ceTRISE D'\u0152UVRE","description":"Votre expert en maitrise d&#039;\u0153uvre dans le golfe de Saint-Tropez","publisher":{"@id":"https:\/\/sainttropez-maitriseoeuvre.fr\/de\/#organization"},"potentialAction":[{"@type":"SearchAction","target":{"@type":"EntryPoint","urlTemplate":"https:\/\/sainttropez-maitriseoeuvre.fr\/de\/?s={search_term_string}"},"query-input":{"@type":"PropertyValueSpecification","valueRequired":true,"valueName":"search_term_string"}}],"inLanguage":"de"},{"@type":"Organization","@id":"https:\/\/sainttropez-maitriseoeuvre.fr\/de\/#organization","name":"PF MA\u00ceTRISE D'\u0152UVRE","url":"https:\/\/sainttropez-maitriseoeuvre.fr\/de\/","logo":{"@type":"ImageObject","inLanguage":"de","@id":"https:\/\/sainttropez-maitriseoeuvre.fr\/de\/#\/schema\/logo\/image\/","url":"https:\/\/sainttropez-maitriseoeuvre.fr\/wp-content\/uploads\/2025\/03\/cropped-logo_PFMO_1.png","contentUrl":"https:\/\/sainttropez-maitriseoeuvre.fr\/wp-content\/uploads\/2025\/03\/cropped-logo_PFMO_1.png","width":1298,"height":525,"caption":"PF MA\u00ceTRISE D'\u0152UVRE"},"image":{"@id":"https:\/\/sainttropez-maitriseoeuvre.fr\/de\/#\/schema\/logo\/image\/"}}]}},"_links":{"self":[{"href":"https:\/\/sainttropez-maitriseoeuvre.fr\/de\/wp-json\/wp\/v2\/pages\/2152","targetHints":{"allow":["GET"]}}],"collection":[{"href":"https:\/\/sainttropez-maitriseoeuvre.fr\/de\/wp-json\/wp\/v2\/pages"}],"about":[{"href":"https:\/\/sainttropez-maitriseoeuvre.fr\/de\/wp-json\/wp\/v2\/types\/page"}],"author":[{"embeddable":true,"href":"https:\/\/sainttropez-maitriseoeuvre.fr\/de\/wp-json\/wp\/v2\/users\/1"}],"replies":[{"embeddable":true,"href":"https:\/\/sainttropez-maitriseoeuvre.fr\/de\/wp-json\/wp\/v2\/comments?post=2152"}],"version-history":[{"count":9,"href":"https:\/\/sainttropez-maitriseoeuvre.fr\/de\/wp-json\/wp\/v2\/pages\/2152\/revisions"}],"predecessor-version":[{"id":11032,"href":"https:\/\/sainttropez-maitriseoeuvre.fr\/de\/wp-json\/wp\/v2\/pages\/2152\/revisions\/11032"}],"wp:attachment":[{"href":"https:\/\/sainttropez-maitriseoeuvre.fr\/de\/wp-json\/wp\/v2\/media?parent=2152"}],"curies":[{"name":"wp","href":"https:\/\/api.w.org\/{rel}","templated":true}]}}